{"id":8164,"date":"2024-07-15T15:00:25","date_gmt":"2024-07-15T13:00:25","guid":{"rendered":"https:\/\/proactiveparenting.com\/?post_type=product&#038;p=8164"},"modified":"2024-12-03T09:38:30","modified_gmt":"2024-12-03T08:38:30","slug":"masterclass-guia-practica-de-lactancia","status":"publish","type":"product","link":"https:\/\/proactiveparenting.com\/es\/product\/masterclass-guia-practica-de-lactancia\/","title":{"rendered":"MasterClass: Gu\u00eda pr\u00e1ctica de lactancia"},"content":{"rendered":"<p>Ya seas madre primeriza o vayas a tener otro beb\u00e9, sabemos que la lactancia materna puede ser un desaf\u00edo. Cada beb\u00e9 es \u00fanico, y cada embarazo conlleva nuevos retos.<\/p>\n<p>Nuestros v\u00eddeos, dirigidos por expertos, te guiar\u00e1n paso a paso, ayud\u00e1ndote a navegar por los problemas comunes de la lactancia y a encontrar soluciones que funcionen. Aprende c\u00f3mo aprovechar al m\u00e1ximo este tiempo precioso para crear un v\u00ednculo s\u00f3lido con tu beb\u00e9.<\/p>\n<p>\u00danete a nuestra Gu\u00eda Pr\u00e1ctica de Lactancia para preparar el escenario que har\u00e1 que el per\u00edodo de lactancia sea exitoso y gratificante. \u00a1Hagamos que este tiempo especial sea un poco m\u00e1s f\u00e1cil y mucho m\u00e1s satisfactorio!<\/p>\n<p><iframe src=\"https:\/\/player.vimeo.com\/video\/320434206?dnt=1&amp;app_id=122963\" width=\"640\" height=\"360\" frameborder=\"0\" allow=\"autoplay; fullscreen; picture-in-picture; clipboard-write\"><\/iframe><\/p>\n","protected":false},"excerpt":{"rendered":"<p><b>\u00a1Bienvenidos a la Gu\u00eda Pr\u00e1ctica de Lactancia!<\/b><\/p>\n<p><span style=\"font-weight: 400;\">\u00a1Prep\u00e1rate para embarcar en un hermoso viaje con nuestro curso de lactancia! Nuestro curso cuenta con 15 inspiradoras lecciones en v\u00eddeo dise\u00f1adas para apoyarte antes y durante la lactancia.<\/span><\/p>\n","protected":false},"featured_media":1146,"template":"","meta":[],"product_brand":[],"product_cat":[81],"product_tag":[390],"giftcard-category":[],"class_list":{"0":"post-8164","1":"product","2":"type-product","3":"status-publish","4":"has-post-thumbnail","6":"product_cat-cursos","7":"product_tag-0-12-meses","9":"first","10":"instock","11":"virtual","12":"sold-individually","13":"taxable","14":"purchasable","15":"product-type-simple"},"_links":{"self":[{"href":"https:\/\/proactiveparenting.com\/es\/wp-json\/wp\/v2\/product\/8164","targetHints":{"allow":["GET"]}}],"collection":[{"href":"https:\/\/proactiveparenting.com\/es\/wp-json\/wp\/v2\/product"}],"about":[{"href":"https:\/\/proactiveparenting.com\/es\/wp-json\/wp\/v2\/types\/product"}],"version-history":[{"count":6,"href":"https:\/\/proactiveparenting.com\/es\/wp-json\/wp\/v2\/product\/8164\/revisions"}],"predecessor-version":[{"id":8264,"href":"https:\/\/proactiveparenting.com\/es\/wp-json\/wp\/v2\/product\/8164\/revisions\/8264"}],"wp:featuredmedia":[{"embeddable":true,"href":"https:\/\/proactiveparenting.com\/es\/wp-json\/wp\/v2\/media\/1146"}],"wp:attachment":[{"href":"https:\/\/proactiveparenting.com\/es\/wp-json\/wp\/v2\/media?parent=8164"}],"wp:term":[{"taxonomy":"product_brand","embeddable":true,"href":"https:\/\/proactiveparenting.com\/es\/wp-json\/wp\/v2\/product_brand?post=8164"},{"taxonomy":"product_cat","embeddable":true,"href":"https:\/\/proactiveparenting.com\/es\/wp-json\/wp\/v2\/product_cat?post=8164"},{"taxonomy":"product_tag","embeddable":true,"href":"https:\/\/proactiveparenting.com\/es\/wp-json\/wp\/v2\/product_tag?post=8164"},{"taxonomy":"giftcard-category","embeddable":true,"href":"https:\/\/proactiveparenting.com\/es\/wp-json\/wp\/v2\/giftcard-category?post=8164"}],"curies":[{"name":"wp","href":"https:\/\/api.w.org\/{rel}","templated":true}]}}