{"id":7790,"date":"2024-06-30T20:47:21","date_gmt":"2024-06-30T18:47:21","guid":{"rendered":"https:\/\/proactiveparenting.com\/product\/como-educar-adolescentes-con-valores\/"},"modified":"2024-07-26T14:26:15","modified_gmt":"2024-07-26T12:26:15","slug":"como-educar-adolescentes-con-valores","status":"publish","type":"product","link":"https:\/\/proactiveparenting.com\/es\/product\/como-educar-adolescentes-con-valores\/","title":{"rendered":"C\u00f3mo educar adolescentes con valores"},"content":{"rendered":"<p>&#8220;C\u00f3mo educar adolescentes con valores&#8221; explica c\u00f3mo, a trav\u00e9s de las t\u00e9cnicas de Paternidad Proactiva, los padres pueden prevenir futuros problemas de comportamiento en sus hijos y guiarles en su transici\u00f3n hacia la madurez.<\/p>\n<p>Se trata de una gu\u00eda pr\u00e1ctica con herramientas y consejos para educar adolescentes mediante valores y para saber c\u00f3mo apoyarles o aconsejarles de la mejor forma posible en sus decisiones.<\/p>\n<p>El libro presenta situaciones reales a las que se enfrentan los adolescentes, experiencias que ayudar\u00e1n a que los padres conozcan y entiendan lo que est\u00e1 pasando en el interior de sus hijos y por qu\u00e9 se comportan de determinada manera. Las t\u00e9cnicas de Paternidad Proactiva que ya se est\u00e1n aplicando en EE. UU. y Espa\u00f1a con gran \u00e9xito, se sustentan en investigaciones cient\u00edficas y en numerosos casos reales de familias con adolescentes.<\/p>\n<p>PUNTOS FUERTES<\/p>\n<ul>\n<li>La autora es la creadora del m\u00e9todo Paternidad Proactiva, un concepto de ense\u00f1anza que est\u00e1 revolucionando la educaci\u00f3n padres-hijos en EEUU que ahora est\u00e1 teniendo gran acogida entre numerosas familias espa\u00f1olas.<\/li>\n<li>Es un sistema educativo basado en una investigaci\u00f3n cient\u00edfica que incide y refuerza de forma positiva ciertos aspectos que se van formando en diferentes etapas, seg\u00fan la evoluci\u00f3n natural de los ni\u00f1os.<\/li>\n<li>C\u00f3mo educar adolescentes con valores es un libro con un enfoque pr\u00e1ctico y directo que incluye recomendaciones concretas para guiar y aconsejar a los hijos durante el viaje que les lleva desde la infancia a la madurez.<\/li>\n<\/ul>\n","protected":false},"excerpt":{"rendered":"<p>C\u00f3mo educar adolescentes con valores explica c\u00f3mo, a trav\u00e9s de las t\u00e9cnicas de Paternidad Proactiva, los padres pueden prevenir futuros problemas de comportamiento en sus hijos y guiarles en su transici\u00f3n hacia la madurez. Se trata de una gu\u00eda pr\u00e1ctica con herramientas y consejos para educar adolescentes mediante valores&#8230;<\/p>\n","protected":false},"featured_media":4033,"template":"","meta":[],"product_brand":[],"product_cat":[394],"product_tag":[391,393,392],"giftcard-category":[],"class_list":{"0":"post-7790","1":"product","2":"type-product","3":"status-publish","4":"has-post-thumbnail","6":"product_cat-libro","7":"product_tag-1-5-anos","8":"product_tag-5-10-anos","9":"product_tag-preadolescentes-y-adolescentes","11":"first","12":"instock","13":"taxable","14":"shipping-taxable","15":"product-type-external"},"_links":{"self":[{"href":"https:\/\/proactiveparenting.com\/es\/wp-json\/wp\/v2\/product\/7790","targetHints":{"allow":["GET"]}}],"collection":[{"href":"https:\/\/proactiveparenting.com\/es\/wp-json\/wp\/v2\/product"}],"about":[{"href":"https:\/\/proactiveparenting.com\/es\/wp-json\/wp\/v2\/types\/product"}],"version-history":[{"count":2,"href":"https:\/\/proactiveparenting.com\/es\/wp-json\/wp\/v2\/product\/7790\/revisions"}],"predecessor-version":[{"id":8245,"href":"https:\/\/proactiveparenting.com\/es\/wp-json\/wp\/v2\/product\/7790\/revisions\/8245"}],"wp:featuredmedia":[{"embeddable":true,"href":"https:\/\/proactiveparenting.com\/es\/wp-json\/wp\/v2\/media\/4033"}],"wp:attachment":[{"href":"https:\/\/proactiveparenting.com\/es\/wp-json\/wp\/v2\/media?parent=7790"}],"wp:term":[{"taxonomy":"product_brand","embeddable":true,"href":"https:\/\/proactiveparenting.com\/es\/wp-json\/wp\/v2\/product_brand?post=7790"},{"taxonomy":"product_cat","embeddable":true,"href":"https:\/\/proactiveparenting.com\/es\/wp-json\/wp\/v2\/product_cat?post=7790"},{"taxonomy":"product_tag","embeddable":true,"href":"https:\/\/proactiveparenting.com\/es\/wp-json\/wp\/v2\/product_tag?post=7790"},{"taxonomy":"giftcard-category","embeddable":true,"href":"https:\/\/proactiveparenting.com\/es\/wp-json\/wp\/v2\/giftcard-category?post=7790"}],"curies":[{"name":"wp","href":"https:\/\/api.w.org\/{rel}","templated":true}]}}