{"id":7788,"date":"2024-06-30T20:35:45","date_gmt":"2024-06-30T18:35:45","guid":{"rendered":"https:\/\/proactiveparenting.com\/product\/que-hacer-para-que-tu-hijo-no-sea-un-imbecil\/"},"modified":"2024-06-30T20:37:54","modified_gmt":"2024-06-30T18:37:54","slug":"que-hacer-para-que-tu-hijo-no-sea-un-imbecil","status":"publish","type":"product","link":"https:\/\/proactiveparenting.com\/es\/product\/que-hacer-para-que-tu-hijo-no-sea-un-imbecil\/","title":{"rendered":"Qu\u00e9 hacer para que tu hijo no sea un imbecil"},"content":{"rendered":"<p>En este libro, concebido con un enfoque eminentemente pr\u00e1ctico y directo, se explica c\u00f3mo podemos ayudar a los adolescentes en ese proceso de \u00abencontrarse a s\u00ed mismos\u00bb que viven durante su tr\u00e1nsito hacia la edad adulta. Se trata de una gu\u00eda especial, \u00fanica y distinta de todo lo que se ha escrito hasta la fecha porque incluye el punto de vista de los adolescentes, pues son ellos mismos quienes nos cuentan qu\u00e9 necesitan para poder convertirse el d\u00eda de ma\u00f1ana en la persona que desean ser.<\/p>\n","protected":false},"excerpt":{"rendered":"<p>Asentado en un s\u00f3lido marco te\u00f3rico y sustentado por numerosas entrevistas realizadas a adolescentes, este libro es un manual \u00fatil y de f\u00e1cil lectura para que los padres entiendan realmente qu\u00e9 es lo que est\u00e1 pasando en el interior de sus hijos adolescentes y sepan c\u00f3mo apoyarles de la mejor manera posible. Adem\u00e1s de hacer una descripci\u00f3n detallada del modelo te\u00f3rico, acompa\u00f1ado por una amplia variedad de citas textuales sumamente reveladoras y representativas de los puntos de vista de muchos adolescentes, este libro incluye 14 recomendaciones concretas con las que podremos prestar ayuda a los adolescentes durante el viaje que les lleva desde la infancia a la edad adulta. C\u00f3mo evitar que tu hijo adolescente se convierta en un imb\u00e9cil es un libro de lectura obligada para todo aquel que quiera entender mejor a los adolescentes y desee brindarles su apoyo.<\/p>\n","protected":false},"featured_media":4023,"template":"","meta":[],"product_brand":[],"product_cat":[394],"product_tag":[392],"giftcard-category":[],"class_list":{"0":"post-7788","1":"product","2":"type-product","3":"status-publish","4":"has-post-thumbnail","6":"product_cat-libro","7":"product_tag-preadolescentes-y-adolescentes","9":"first","10":"instock","11":"taxable","12":"shipping-taxable","13":"product-type-external"},"_links":{"self":[{"href":"https:\/\/proactiveparenting.com\/es\/wp-json\/wp\/v2\/product\/7788","targetHints":{"allow":["GET"]}}],"collection":[{"href":"https:\/\/proactiveparenting.com\/es\/wp-json\/wp\/v2\/product"}],"about":[{"href":"https:\/\/proactiveparenting.com\/es\/wp-json\/wp\/v2\/types\/product"}],"version-history":[{"count":0,"href":"https:\/\/proactiveparenting.com\/es\/wp-json\/wp\/v2\/product\/7788\/revisions"}],"wp:featuredmedia":[{"embeddable":true,"href":"https:\/\/proactiveparenting.com\/es\/wp-json\/wp\/v2\/media\/4023"}],"wp:attachment":[{"href":"https:\/\/proactiveparenting.com\/es\/wp-json\/wp\/v2\/media?parent=7788"}],"wp:term":[{"taxonomy":"product_brand","embeddable":true,"href":"https:\/\/proactiveparenting.com\/es\/wp-json\/wp\/v2\/product_brand?post=7788"},{"taxonomy":"product_cat","embeddable":true,"href":"https:\/\/proactiveparenting.com\/es\/wp-json\/wp\/v2\/product_cat?post=7788"},{"taxonomy":"product_tag","embeddable":true,"href":"https:\/\/proactiveparenting.com\/es\/wp-json\/wp\/v2\/product_tag?post=7788"},{"taxonomy":"giftcard-category","embeddable":true,"href":"https:\/\/proactiveparenting.com\/es\/wp-json\/wp\/v2\/giftcard-category?post=7788"}],"curies":[{"name":"wp","href":"https:\/\/api.w.org\/{rel}","templated":true}]}}