{"id":1141,"date":"2019-10-02T05:43:29","date_gmt":"2019-10-01T03:43:29","guid":{"rendered":"https:\/\/proactiveparenting.com\/?post_type=product&#038;p=1141"},"modified":"2024-12-03T09:38:30","modified_gmt":"2024-12-03T08:38:30","slug":"cuidados-del-recien-nacido","status":"publish","type":"product","link":"https:\/\/proactiveparenting.com\/es\/product\/cuidados-del-recien-nacido\/","title":{"rendered":"MasterClass: Cuidados del reci\u00e9n nacido"},"content":{"rendered":"<p><span style=\"vertical-align: inherit;\"><span style=\"vertical-align: inherit;\">Las primeras semanas de vida son clave en el desarrollo de tu beb\u00e9. <\/span><span style=\"vertical-align: inherit;\">Lo que siente y vive durante ese tiempo es su primera experiencia del mundo y le deja una impronta imborrable. <\/span><span style=\"vertical-align: inherit;\">En el curso Cuidados del reci\u00e9n nacido obtendr\u00e1s las herramientas que necesitas para crear un v\u00ednculo y un entorno de confianza en los que tu beb\u00e9 crezca sinti\u00e9ndose seguro y querido.<\/span><\/span><\/p>\n<p><iframe src=\"https:\/\/player.vimeo.com\/video\/203263045?dnt=1&amp;app_id=122963\" width=\"640\" height=\"360\" frameborder=\"0\" allow=\"autoplay; fullscreen; picture-in-picture; clipboard-write\"><\/iframe><\/p>\n","protected":false},"excerpt":{"rendered":"<p><b>\u00a1Domina el arte de cuidar a tu beb\u00e9 con nuestras t\u00e9cnicas de cuidados del reci\u00e9n nacido!<\/b><\/p>\n<p><span style=\"font-weight: 400;\">Como nuevo padre en la era digital, sabes que obtener la informaci\u00f3n correcta es clave para hacer las cosas de manera inteligente desde el principio. Nuestro curso est\u00e1 dise\u00f1ado especialmente para padres modernos como t\u00fa, que desean crear un v\u00ednculo profundo con su beb\u00e9 mientras aseguran su bienestar y seguridad.<\/span><\/p>\n","protected":false},"featured_media":7948,"template":"","meta":[],"product_brand":[],"product_cat":[81],"product_tag":[390],"giftcard-category":[],"class_list":{"0":"post-1141","1":"product","2":"type-product","3":"status-publish","4":"has-post-thumbnail","6":"product_cat-cursos","7":"product_tag-0-12-meses","9":"first","10":"instock","11":"virtual","12":"sold-individually","13":"taxable","14":"purchasable","15":"product-type-simple"},"_links":{"self":[{"href":"https:\/\/proactiveparenting.com\/es\/wp-json\/wp\/v2\/product\/1141","targetHints":{"allow":["GET"]}}],"collection":[{"href":"https:\/\/proactiveparenting.com\/es\/wp-json\/wp\/v2\/product"}],"about":[{"href":"https:\/\/proactiveparenting.com\/es\/wp-json\/wp\/v2\/types\/product"}],"version-history":[{"count":3,"href":"https:\/\/proactiveparenting.com\/es\/wp-json\/wp\/v2\/product\/1141\/revisions"}],"predecessor-version":[{"id":8360,"href":"https:\/\/proactiveparenting.com\/es\/wp-json\/wp\/v2\/product\/1141\/revisions\/8360"}],"wp:featuredmedia":[{"embeddable":true,"href":"https:\/\/proactiveparenting.com\/es\/wp-json\/wp\/v2\/media\/7948"}],"wp:attachment":[{"href":"https:\/\/proactiveparenting.com\/es\/wp-json\/wp\/v2\/media?parent=1141"}],"wp:term":[{"taxonomy":"product_brand","embeddable":true,"href":"https:\/\/proactiveparenting.com\/es\/wp-json\/wp\/v2\/product_brand?post=1141"},{"taxonomy":"product_cat","embeddable":true,"href":"https:\/\/proactiveparenting.com\/es\/wp-json\/wp\/v2\/product_cat?post=1141"},{"taxonomy":"product_tag","embeddable":true,"href":"https:\/\/proactiveparenting.com\/es\/wp-json\/wp\/v2\/product_tag?post=1141"},{"taxonomy":"giftcard-category","embeddable":true,"href":"https:\/\/proactiveparenting.com\/es\/wp-json\/wp\/v2\/giftcard-category?post=1141"}],"curies":[{"name":"wp","href":"https:\/\/api.w.org\/{rel}","templated":true}]}}