{"id":5383,"date":"2023-01-08T14:12:21","date_gmt":"2023-01-08T13:12:21","guid":{"rendered":"https:\/\/proactiveparenting.com\/?page_id=5383"},"modified":"2023-07-06T09:15:11","modified_gmt":"2023-07-06T07:15:11","slug":"alivio-gases","status":"publish","type":"page","link":"https:\/\/proactiveparenting.com\/es\/alivio-gases\/","title":{"rendered":"L. Alivio Gases"},"content":{"rendered":"\r\n<div class=\"wp-block-kadence-rowlayout alignnone kadence-row-centered fila-inicio\">\r\n<div id=\"kt-layout-id_0c2c45-9a\" class=\"kt-row-layout-inner kt-row-has-bg kt-layout-id_0c2c45-9a\">\r\n<div class=\"kt-row-column-wrap kt-has-1-columns kt-gutter-default kt-v-gutter-default kt-row-valign-top kt-row-layout-equal kt-tab-layout-inherit kt-m-colapse-left-to-right kt-mobile-layout-row\">\r\n<div class=\"wp-block-kadence-column inner-column-1 kadence-column_eb1682-5b\">\r\n<div class=\"kt-inside-inner-col\">\r\n<div class=\"wp-block-kadence-rowlayout alignnone container\">\r\n<div id=\"kt-layout-id_d6b3ce-4b\" class=\"kt-row-layout-inner kt-layout-id_d6b3ce-4b\">\r\n<div class=\"kt-row-column-wrap kt-has-2-columns kt-gutter-default kt-v-gutter-default kt-row-valign-top kt-row-layout-equal kt-tab-layout-inherit kt-m-colapse-left-to-right kt-mobile-layout-equal  kt-custom-first-width-55  kt-custom-second-width-45\">\r\n<div class=\"wp-block-kadence-column inner-column-1 kadence-column_8ae26a-c0\">\r\n<div class=\"kt-inside-inner-col\">\r\n<p>&nbsp;<\/p>\r\n<\/div>\r\n<\/div>\r\n\r\n\r\n\r\n<div class=\"wp-block-kadence-column inner-column-2 kadence-column_16fb43-ae\">\r\n<div class=\"kt-inside-inner-col\"><div class=\"wp-block-image\">\r\n<figure class=\"aligncenter\"><img decoding=\"async\" width=\"150\" height=\"150\" class=\"wp-image-90\" src=\"http:\/\/proactiveparenting.com\/wp-content\/uploads\/2019\/08\/rayasamarillas.svg\" alt=\"\" \/><\/figure>\r\n<\/div>\r\n\r\n\r\n<h1 class=\"kt-adv-heading_eea33f-99 Lato-Bold wp-block-kadence-advancedheading\" data-kb-block=\"kb-adv-heading_eea33f-99\">Acaba con los llantos de tu beb\u00e9<\/h1>\r\n\r\n\r\n\r\n<h6 class=\"kt-adv-heading_add330-94 lato wp-block-kadence-advancedheading\" data-kb-block=\"kb-adv-heading_add330-94\">La mayor\u00eda de ocasiones llora por la acumulaci\u00f3n de gases<\/h6>\r\n<\/div>\r\n<\/div>\r\n<\/div>\r\n<\/div>\r\n<\/div>\r\n<\/div>\r\n<\/div>\r\n<\/div>\r\n<\/div>\r\n<\/div>\r\n\r\n\r\n\r\n<div class=\"wp-block-kadence-rowlayout alignnone\">\r\n<div id=\"kt-layout-id_370644-44\" class=\"kt-row-layout-inner kt-layout-id_370644-44\">\r\n<div class=\"kt-row-column-wrap kt-has-1-columns kt-gutter-default kt-v-gutter-default kt-row-valign-top kt-row-layout-equal kt-tab-layout-inherit kt-m-colapse-left-to-right kt-mobile-layout-row\">\r\n<div class=\"wp-block-kadence-column inner-column-1 kadence-column_0eddc3-f4\">\r\n<div class=\"kt-inside-inner-col\">\r\n<div class=\"wp-block-columns is-layout-flex wp-container-core-columns-is-layout-9d6595d7 wp-block-columns-is-layout-flex\">\r\n<div class=\"wp-block-column is-vertically-aligned-center is-layout-flow wp-block-column-is-layout-flow\">\r\n<h3 class=\"kt-adv-heading_67f11e-2e wp-block-kadence-advancedheading\" data-kb-block=\"kb-adv-heading_67f11e-2e\"><strong>Recibe gratis el v\u00eddeo d\u00f3nde la Deanna Marie Mason PhD te ense\u00f1a diferentes m\u00e9todos para eliminar los gases de tu beb\u00e9 y acabar con sus llantos. <\/strong><\/h3>\r\n\r\n\r\n<\/div>\r\n\r\n\r\n\r\n<div class=\"wp-block-column is-layout-flow wp-block-column-is-layout-flow\">\r\n<h2 class=\"kt-adv-heading_528bcc-2e wp-block-kadence-advancedheading\" data-kb-block=\"kb-adv-heading_528bcc-2e\">Deanna Marie Mason PhD<\/h2>\r\n\r\n\r\n\r\n<p class=\"has-text-align-left has-medium-font-size\">Enfermera Doctorada, Experta en Educaci\u00f3n y Madre<\/p>\r\n\r\n\r\n\r\n<p class=\"has-text-align-left has-medium-font-size\">En mis 25 a\u00f1os de experiencia he comprobado una y otra vez que la soluci\u00f3n a cualquier problema de comportamiento y desarrollo de ni\u00f1os y adolescentes est\u00e1 en los padres. Son ellos quienes tienen que cambiar h\u00e1bitos, mejorar la relaci\u00f3n con sus hijos y reaprender qu\u00e9 significa educar y ser padres para transformar la familia desde la ra\u00edz y devolverle la armon\u00eda.<\/p>\r\n\r\n\r\n\r\n<p class=\"has-text-align-left has-medium-font-size\">Seg\u00fan la teor\u00eda de sistemas, cuando una parte del conjunto se transforma, todos se transforman tambi\u00e9n para adaptarse al cambio pionero. Yo quiero que t\u00fa seas el pionero. Ver\u00e1s c\u00f3mo el sistema familiar se transforma contigo.<\/p>\r\n<\/div>\r\n<\/div>\r\n<\/div>\r\n<\/div>\r\n<\/div>\r\n<\/div>\r\n<\/div>\r\n\r\n\r\n\r\n<h2 class=\"kt-adv-heading_ec07ae-9e wp-block-kadence-advancedheading\" data-kb-block=\"kb-adv-heading_ec07ae-9e\">Mis cursos online te preparan para atender a tu beb\u00e9 de la mejor manera<\/h2>\r\n\r\n\r\n\r\n<div class=\"wp-block-spacer\" style=\"height: 40px;\" aria-hidden=\"true\">\u00a0<\/div>\r\n\r\n\r\n<p>[VerCursos]<\/p>\n\r\n\r\n\r\n<div class=\"wp-block-spacer\" style=\"height: 50px;\" aria-hidden=\"true\">\u00a0<\/div>\r\n\r\n\r\n\r\n<h2 class=\"kt-adv-heading_4473a1-59 wp-block-kadence-advancedheading\" data-kb-block=\"kb-adv-heading_4473a1-59\">Necesidades<\/h2>\r\n\r\n\r\n\r\n<div class=\"wp-block-spacer\" style=\"height: 40px;\" aria-hidden=\"true\">\u00a0<\/div>\r\n\r\n\r\n<p>[VerLibros]<\/p>\n\r\n\r\n\r\n<div class=\"wp-block-kadence-rowlayout alignnone fila-metodo-proactivo\">\r\n<div id=\"kt-layout-id_49c53d-25\" class=\"kt-row-layout-inner kt-layout-id_49c53d-25\">\r\n<div class=\"kt-row-column-wrap kt-has-1-columns kt-gutter-default kt-v-gutter-default kt-row-valign-top kt-row-layout-equal kt-tab-layout-inherit kt-m-colapse-left-to-right kt-mobile-layout-row\">\r\n<div class=\"wp-block-kadence-column inner-column-1 kadence-column_c340f9-13\">\r\n<div class=\"kt-inside-inner-col\">\r\n<p>&nbsp;<\/p>\r\n<\/div>\r\n<\/div>\r\n<\/div>\r\n<\/div>\r\n<\/div>\r\n\r\n\r\n\r\n<div class=\"wp-block-kadence-rowlayout alignnone\">\r\n<div id=\"kt-layout-id_c12656-1c\" class=\"kt-row-layout-inner kt-layout-id_c12656-1c\">\r\n<div class=\"kt-row-column-wrap kt-has-1-columns kt-gutter-default kt-v-gutter-default kt-row-valign-top kt-row-layout-equal kt-tab-layout-inherit kt-m-colapse-left-to-right kt-mobile-layout-row\">\r\n<div class=\"wp-block-kadence-column inner-column-1 kadence-column_a6296f-e4\">\r\n<div class=\"kt-inside-inner-col\">\r\n<p>&nbsp;<\/p>\r\n<\/div>\r\n<\/div>\r\n<\/div>\r\n<\/div>\r\n<\/div>\r\n\r\n\r\n\r\n<div class=\"wp-block-kadence-rowlayout alignnone\">\r\n<div id=\"kt-layout-id_560e6a-42\" class=\"kt-row-layout-inner kt-row-has-bg kt-layout-id_560e6a-42 has-white-background-color\">\r\n<div class=\"kt-row-column-wrap kt-has-1-columns kt-gutter-default kt-v-gutter-default kt-row-valign-top kt-row-layout-equal kt-tab-layout-inherit kt-m-colapse-left-to-right kt-mobile-layout-row\">\r\n<div class=\"wp-block-kadence-column inner-column-1 kadence-column_f5a462-96\">\r\n<div class=\"kt-inside-inner-col\"><p> [TestimonialCarousel] <\/p>\n<\/div>\r\n<\/div>\r\n<\/div>\r\n<\/div>\r\n<\/div>\r\n","protected":false},"excerpt":{"rendered":"","protected":false},"author":1,"featured_media":0,"parent":0,"menu_order":0,"comment_status":"closed","ping_status":"closed","template":"page-templates\/principalpage.php","meta":{"footnotes":""},"class_list":["post-5383","page","type-page","status-publish","hentry"],"_links":{"self":[{"href":"https:\/\/proactiveparenting.com\/es\/wp-json\/wp\/v2\/pages\/5383","targetHints":{"allow":["GET"]}}],"collection":[{"href":"https:\/\/proactiveparenting.com\/es\/wp-json\/wp\/v2\/pages"}],"about":[{"href":"https:\/\/proactiveparenting.com\/es\/wp-json\/wp\/v2\/types\/page"}],"author":[{"embeddable":true,"href":"https:\/\/proactiveparenting.com\/es\/wp-json\/wp\/v2\/users\/1"}],"replies":[{"embeddable":true,"href":"https:\/\/proactiveparenting.com\/es\/wp-json\/wp\/v2\/comments?post=5383"}],"version-history":[{"count":0,"href":"https:\/\/proactiveparenting.com\/es\/wp-json\/wp\/v2\/pages\/5383\/revisions"}],"wp:attachment":[{"href":"https:\/\/proactiveparenting.com\/es\/wp-json\/wp\/v2\/media?parent=5383"}],"curies":[{"name":"wp","href":"https:\/\/api.w.org\/{rel}","templated":true}]}}