{"id":1307,"date":"2019-09-26T17:28:47","date_gmt":"2019-09-26T15:28:47","guid":{"rendered":"https:\/\/proactiveparenting.com\/?page_id=1307"},"modified":"2023-04-18T16:52:49","modified_gmt":"2023-04-18T14:52:49","slug":"politica-de-privacidad","status":"publish","type":"page","link":"https:\/\/proactiveparenting.com\/es\/politica-de-privacidad\/","title":{"rendered":"Pol\u00edtica de Privacidad"},"content":{"rendered":"\r\n<p>Esta Pol\u00edtica de Privacidad tiene por objeto informar al usuario (en adelante, el \u201c<strong><em>Usuario<\/em><\/strong>\u201d) de la p\u00e1gina web\u00a0<a href=\"https:\/\/proactiveparenting.com\/es\">www.deannamariemason.local\/es<\/a>\u00a0(en adelante, el \u201c<strong><em>Sitio Web<\/em><\/strong>\u201d) sobre la recogida y tratamiento de sus datos personales.<\/p>\r\n\r\n\r\n\r\n<h3 class=\"wp-block-heading\">1.- \u00bfCu\u00e1l es la empresa responsable del tratamiento de sus datos?<\/h3>\r\n\r\n\r\n\r\n<p>La empresa responsable del tratamiento de sus datos es SPLIT ROCK, S.L. (en adelante, \u201c<strong><em>SPLIT ROCK<\/em><\/strong>\u201d) con NIF B-86756558 y domicilio socialen calle Salamanca 3, Urbanizaci\u00f3n La Caba\u00f1a, 28223, Pozuelo de Alarc\u00f3n (Madrid), e inscrita en el Registro Mercantil de Madrid, al Tomo 31339, Folio 113, Secci\u00f3n 8, Hoja M-564141, Inscripci\u00f3n 1.<\/p>\r\n\r\n\r\n\r\n<p>Para cualquier cuesti\u00f3n relacionada con la presente Pol\u00edtica de Privacidad y Protecci\u00f3n de Datos, el Usuario podr\u00e1 contactar con SPLIT ROCK en el correo electr\u00f3nico de\u00a0.<\/p>\r\n\r\n\r\n\r\n<h3 class=\"wp-block-heading\">2.- Recomendaciones<\/h3>\r\n\r\n\r\n\r\n<p>Por favor lea detenidamente y siga las siguientes recomendaciones:<\/p>\r\n\r\n\r\n\r\n<p>El Sitio Web no est\u00e1 dirigido a menores de edad. Por favor, active el control parental para prevenir y controlar el acceso de menores de edad a Internet e informar a los menores de edad sobre aspectos relativos a la seguridad.<\/p>\r\n\r\n\r\n\r\n<p>Mantenga en su equipo un software antivirus instalado y debidamente actualizado, que garantice que su equipo se encuentra libre de software maligno, as\u00ed como de aplicaciones spyware que pongan en riesgo su navegaci\u00f3n en Internet, y en peligro la informaci\u00f3n alojada en el equipo.<\/p>\r\n\r\n\r\n\r\n<p>Revise y lea los textos legales, as\u00ed como la presente Pol\u00edtica de Privacidad que SPLIT ROCK pone a su disposici\u00f3n en el Sitio Web.<\/p>\r\n\r\n\r\n\r\n<h3 class=\"wp-block-heading\">3.- \u00bfPor qu\u00e9 SPLIT ROCK est\u00e1 legitimada para llevar a cabo el tratamiento de datos?<\/h3>\r\n\r\n\r\n\r\n<p>SPLIT ROCK procesa los datos personales del Usuario con el fin de poder llevar a cabo la prestaci\u00f3n de los servicios que este haya solicitado a trav\u00e9s del Sitio Web, para lo cual el Usuario presta su consentimiento mediante la aceptaci\u00f3n de la presente Pol\u00edtica de Privacidad y las casillas facilitadas correspondientes.<\/p>\r\n\r\n\r\n\r\n<p>SPLIT ROCK se toma muy en serio la protecci\u00f3n de su privacidad y de sus datos personales. Por lo tanto, su informaci\u00f3n personal se conserva de forma segura y se trata con el m\u00e1ximo cuidado, cumpliendo \u00edntegramente con lo dispuesto en el Reglamento (UE) 2016\/679 del Parlamento Europeo y del Consejo, de 27 de abril de 2016, relativo a la protecci\u00f3n de las personas f\u00edsicas en lo que respecta al tratamiento de datos personales y a la libre circulaci\u00f3n de estos datos (en adelante, \u201c<strong><em>RGPD<\/em><\/strong>\u201d).<\/p>\r\n\r\n\r\n\r\n<h3 class=\"wp-block-heading\">4.- \u00bfCu\u00e1les son las finalidades del tratamiento de sus datos de car\u00e1cter personal?<\/h3>\r\n\r\n\r\n\r\n<p>La presente Pol\u00edtica de Privacidad regula el acceso y el uso a los servicios (en adelante, los \u201c<strong><em>Servicios<\/em><\/strong>\u201d) que SPLIT ROCK pone a disposici\u00f3n de los Usuarios interesados en los servicios y a los contenidos alojados en el Sitio Web.<\/p>\r\n\r\n\r\n\r\n<p>De conformidad con lo establecido en el RGPD, le informamos que sus datos personales ser\u00e1n tratados con las finalidades que se relacionan a continuaci\u00f3n:<\/p>\r\n\r\n\r\n\r\n<ul class=\"wp-block-list\">\r\n<li>Prestar los servicios solicitados por el Usuario en el Sitio Web.<\/li>\r\n<li>Enviarle comunicaciones comerciales y\/o newsletter, por carta, tel\u00e9fono, SMS u otros medios de comunicaci\u00f3n equivalentes, sobre actividades y promociones relacionadas con sus intereses.<\/li>\r\n<\/ul>\r\n\r\n\r\n\r\n<p>Asimismo, el Usuario consiente el tratamiento de sus datos para la elaboraci\u00f3n de perfiles, as\u00ed como para la segmentaci\u00f3n de sus datos. Los citados tratamientos pueden tener como finalidad tanto el an\u00e1lisis y realizaci\u00f3n de estad\u00edsticas para conocer el tr\u00e1fico y utilizaci\u00f3n del Sitio Web por parte de los Usuarios, como la determinaci\u00f3n de sus gustos y preferencias para remitirle informaci\u00f3n promocional acorde con sus intereses.<\/p>\r\n\r\n\r\n\r\n<p>No obstante, el Usuario podr\u00e1 revocar el consentimiento en cada comunicado comercial que se le haga llegar y, en cualquier momento, mediante notificaci\u00f3n en la siguiente direcci\u00f3n de correo electr\u00f3nico\u00a0.<\/p>\r\n\r\n\r\n\r\n<h3 class=\"wp-block-heading\">5.- Conservaci\u00f3n de los datos<\/h3>\r\n\r\n\r\n\r\n<p>Los datos recabados por SPLIT ROCK se conservar\u00e1n mientras se mantenga la relaci\u00f3n contractual de prestaci\u00f3n de servicios entre las partes, siempre y cuando no se solicite la supresi\u00f3n de dichos datos por el Usuario.<\/p>\r\n\r\n\r\n\r\n<p>Se informa al Usuario que sus datos ser\u00e1n recogidos \u00fanicamente para los fines expuestos en los p\u00e1rrafos anteriores y no ser\u00e1n tratados de manera incompatible con dichos fines.<\/p>\r\n\r\n\r\n\r\n<h3 class=\"wp-block-heading\">6.- Veracidad de los datos facilitados por los Usuarios<\/h3>\r\n\r\n\r\n\r\n<p>El Usuario garantiza que los datos personales facilitados son veraces y se hace responsable de comunicar a SPLIT ROCK cualquier modificaci\u00f3n de los mismos. El Usuario responder\u00e1, en cualquier caso, de la veracidad de los datos facilitados, reserv\u00e1ndose SPLIT ROCK el derecho a excluir de los servicios registrados a todos los Usuarios que hayan facilitado datos falsos, sin perjuicio de las dem\u00e1s acciones que procedan en Derecho.<\/p>\r\n\r\n\r\n\r\n<p>Se recomienda tener la m\u00e1xima diligencia en materia de Protecci\u00f3n de Datos mediante la utilizaci\u00f3n de herramientas de seguridad, no pudi\u00e9ndose responsabilizar a SPLIT ROCK de sustracciones, modificaciones o p\u00e9rdidas de datos il\u00edcitas.<\/p>\r\n\r\n\r\n\r\n<p>Cualquier modificaci\u00f3n o actualizaci\u00f3n de los mismos, deber\u00e1 ser comunicada a SPLIT ROCK a trav\u00e9s de los medios de comunicaci\u00f3n disponibles en la presente Pol\u00edtica de Privacidad.<\/p>\r\n\r\n\r\n\r\n<h3 class=\"wp-block-heading\">7.- \u00bfC\u00f3mo revoco mi consentimiento y ejercito mis derechos?\u00a0<\/h3>\r\n\r\n\r\n\r\n<p>El Usuario tienen derecho a\u00a0<strong>(i)<\/strong>\u00a0acceder a sus datos personales, as\u00ed como a\u00a0<strong>(ii)<\/strong>\u00a0solicitar la rectificaci\u00f3n de los datos inexactos o, en su caso,\u00a0<strong>(iii)<\/strong>\u00a0solicitar su supresi\u00f3n,\u00a0<strong>(iv)<\/strong>\u00a0solicitar la limitaci\u00f3n del tratamiento de sus datos,\u00a0<strong>(v)<\/strong>\u00a0oponerse al tratamiento de sus datos\u00a0<strong>(vi)<\/strong>\u00a0ejercitar el derecho al olvido de sus datos y\u00a0<strong>(vii)<\/strong>\u00a0solicitar su portabilidad. Adem\u00e1s, tendr\u00e1 derecho a no ser objeto de decisiones basadas \u00fanicamente en tratamientos automatizados.<\/p>\r\n\r\n\r\n\r\n<p>Para ejercer dichos derechos es necesario que el Usuario acredite su personalidad frente a SPLIT ROCK mediante el env\u00edo de una fotocopia de su Documento Nacional de Identidad o cualquier otro medio v\u00e1lido en Derecho.<\/p>\r\n\r\n\r\n\r\n<p>Los Usuarios pueden ejercer todos estos derechos a trav\u00e9s de los medios de comunicaci\u00f3n facilitados en la presente Pol\u00edtica de Privacidad.<\/p>\r\n\r\n\r\n\r\n<p>Sin perjuicio de cualquier otro recurso administrativo o acci\u00f3n judicial, los Usuarios tendr\u00e1n derecho a presentar una reclamaci\u00f3n ante una Autoridad de Control, en particular en el Estado miembro en el que tenga su residencia habitual, lugar de trabajo o lugar de la supuesta infracci\u00f3n, en caso de que considere que el tratamiento de sus datos personales no es adecuado a la normativa, as\u00ed como en el caso de no ver satisfecho el ejercicio de sus derechos. La Autoridad de Control ante la que se haya presentado la reclamaci\u00f3n informar\u00e1 al reclamante sobre el curso y el resultado de la reclamaci\u00f3n.<\/p>\r\n\r\n\r\n\r\n<h3 class=\"wp-block-heading\">8.- Seguridad y conservaci\u00f3n de los datos.<\/h3>\r\n\r\n\r\n\r\n<p>La protecci\u00f3n de la privacidad y los datos personales de sus clientes y visitantes es muy importante para SPLIT ROCK. Por lo tanto, SPLIT ROCK hace todo lo que est\u00e1 en su mano para impedir que sus datos se utilicen de forma inadecuada. A sus datos s\u00f3lo puede acceder el personal autorizado.<\/p>\r\n\r\n\r\n\r\n<p>SPLIT ROCK mantiene la seguridad adecuada de protecci\u00f3n de datos personales conforme a la normativa aplicable y ha establecido todos los medios t\u00e9cnicos a su alcance para evitar la p\u00e9rdida, mal uso, alteraci\u00f3n, acceso no autorizado y robo de los datos que los Usuarios faciliten a trav\u00e9s del Sitio Web, sin perjuicio de informarle de que las medidas de seguridad en Internet no son inexpugnables.<\/p>\r\n\r\n\r\n\r\n<p>SPLIT ROCK se compromete a cumplir con el deber de secreto y confidencialidad respecto de los datos personales de acuerdo con la legislaci\u00f3n aplicable.<\/p>\r\n\r\n\r\n\r\n<p>Los datos personales proporcionados se conservar\u00e1n por parte de SPLIT ROCK durante el tiempo necesario para prestar el servicio.\u00a0<\/p>\r\n\r\n\r\n\r\n<h3 class=\"wp-block-heading\">9.- Enlaces<\/h3>\r\n\r\n\r\n\r\n<p>Este Sitio Web puede contener enlaces a otros sitios web. Tenga en cuenta que no somos responsables del tratamiento de datos que puedan realizar los titulares de otros sitios web. La presente Pol\u00edtica de Privacidad se aplica exclusivamente a la informaci\u00f3n que recopilamos en este Sitio Web. Le recomendamos que lea las pol\u00edticas de privacidad de otros sitios web con los que enlace desde nuestro Sitio Web o que visite de cualquier otro modo.<\/p>\r\n\r\n\r\n\r\n<h3 class=\"wp-block-heading\">10.- Actualizaciones y cambios en la Pol\u00edtica de Privacidad<\/h3>\r\n\r\n\r\n\r\n<p>SPLIT ROCK se reserva el derecho a introducir modificaciones en esta Pol\u00edtica de Privacidad. Cuando se produzcan dichos cambios, se le comunicar\u00e1n a los Usuarios mediante avisos en el Sitio Web, o bien trav\u00e9s de cualquier otro procedimiento adecuado seg\u00fan las circunstancias.<\/p>\r\n","protected":false},"excerpt":{"rendered":"<p>Esta Pol\u00edtica de Privacidad tiene por objeto informar al usuario (en adelante, el \u201cUsuario\u201d) de la p\u00e1gina web\u00a0www.deannamariemason.local\/es\u00a0(en adelante, el \u201cSitio Web\u201d) sobre la recogida&hellip;<\/p>\n","protected":false},"author":1,"featured_media":0,"parent":0,"menu_order":0,"comment_status":"closed","ping_status":"closed","template":"page-templates\/fullwidthpage.php","meta":{"footnotes":""},"class_list":["post-1307","page","type-page","status-publish","hentry"],"_links":{"self":[{"href":"https:\/\/proactiveparenting.com\/es\/wp-json\/wp\/v2\/pages\/1307","targetHints":{"allow":["GET"]}}],"collection":[{"href":"https:\/\/proactiveparenting.com\/es\/wp-json\/wp\/v2\/pages"}],"about":[{"href":"https:\/\/proactiveparenting.com\/es\/wp-json\/wp\/v2\/types\/page"}],"author":[{"embeddable":true,"href":"https:\/\/proactiveparenting.com\/es\/wp-json\/wp\/v2\/users\/1"}],"replies":[{"embeddable":true,"href":"https:\/\/proactiveparenting.com\/es\/wp-json\/wp\/v2\/comments?post=1307"}],"version-history":[{"count":0,"href":"https:\/\/proactiveparenting.com\/es\/wp-json\/wp\/v2\/pages\/1307\/revisions"}],"wp:attachment":[{"href":"https:\/\/proactiveparenting.com\/es\/wp-json\/wp\/v2\/media?parent=1307"}],"curies":[{"name":"wp","href":"https:\/\/api.w.org\/{rel}","templated":true}]}}