{"id":1297,"date":"2019-09-26T17:26:34","date_gmt":"2019-09-26T15:26:34","guid":{"rendered":"https:\/\/proactiveparenting.com\/?page_id=1297"},"modified":"2023-04-18T16:42:05","modified_gmt":"2023-04-18T14:42:05","slug":"aviso-legal","status":"publish","type":"page","link":"https:\/\/proactiveparenting.com\/es\/aviso-legal\/","title":{"rendered":"Aviso Legal"},"content":{"rendered":"\r\n<p>El presente Aviso Legal regula el acceso, navegaci\u00f3n y uso del sitio web\u00a0<a href=\"https:\/\/proactiveparenting.com\/es\">www.deannamariemason.local\/es<\/a>\u00a0(en adelante el &#8220;Sitio Web&#8221;).<\/p>\r\n\r\n\r\n\r\n<h3 class=\"wp-block-heading\">1.- Informaci\u00f3n sobre el titular del Sitio Web<\/h3>\r\n\r\n\r\n\r\n<p>Le informamos de que este Sitio Web es titularidad de SPLIT ROCK, S.L., (en adelante, el \u201c<strong>TITULAR<\/strong>\u201d), con N.I.F. B-86756558 y domicilio social en C\/ Salamanca, 3, Urbanizaci\u00f3n La Caba\u00f1a, 28223, Pozuelo de Alarc\u00f3n, Madrid, e inscrita en el Registro Mercantil de Madrid, al Tomo 31339, Folio 113, Secci\u00f3n 8, Hoja M-564141.<\/p>\r\n\r\n\r\n\r\n<p>El usuario (en adelante, el \u201c<strong>Usuario<\/strong>\u201d) puede ponerse en contacto con SPLIT ROCK a trav\u00e9s de la siguiente direcci\u00f3n de correo electr\u00f3nico:\u00a0<\/p>\r\n\r\n\r\n\r\n<h3 class=\"wp-block-heading\">2.- Usuarios<\/h3>\r\n\r\n\r\n\r\n<p>El acceso y\/o uso al Sitio Web le atribuye la condici\u00f3n de Usuario, y acepta, desde dicho acceso y\/o uso, el presente Aviso Legal.<\/p>\r\n\r\n\r\n\r\n<h3 class=\"wp-block-heading\">3.- Uso del Sitio Web<\/h3>\r\n\r\n\r\n\r\n<p>El Usuario asume la responsabilidad del uso del Sitio Web. El Sitio Web puede proporcionar acceso a multitud de textos, gr\u00e1ficos, dibujos, dise\u00f1os, fotograf\u00edas, contenidos multimedia, e informaciones (en adelante, &#8220;<strong><em>Contenidos<\/em><\/strong>&#8220;) pertenecientes al TITULAR o a terceros a los que el Usuario puede tener acceso.<\/p>\r\n\r\n\r\n\r\n<p>El Usuario se compromete a hacer un uso adecuado de los Contenidos y servicios ofrecidos a trav\u00e9s del Sitio Web y con car\u00e1cter enunciativo pero no limitativo, a no emplearlos para\u00a0<strong>(i)<\/strong>\u00a0incurrir en actividades il\u00edcitas, ilegales o contrarias a la buena fe y al orden p\u00fablico;\u00a0<strong>(ii)<\/strong>\u00a0provocar da\u00f1os en los sistemas f\u00edsicos y l\u00f3gicos del titular del Sitio Web, de sus proveedores o de terceras personas,\u00a0<strong>(iii)\u00a0<\/strong>introducir o difundir en la red virus inform\u00e1ticos o cualesquiera otros sistemas f\u00edsicos o l\u00f3gicos que sean susceptibles de provocar los da\u00f1os anteriormente mencionados,\u00a0<strong>(iv)<\/strong>\u00a0intentar acceder, utilizar y\/o manipular los datos del TITULAR, terceros proveedores y otros Usuarios;\u00a0<strong>(v)<\/strong>\u00a0reproducir o copiar, distribuir, permitir el acceso del p\u00fablico a trav\u00e9s de cualquier modalidad de comunicaci\u00f3n p\u00fablica, transformar o modificar los Contenidos, a menos que se cuente con la autorizaci\u00f3n del titular de los correspondientes derechos;\u00a0<strong>(vi)<\/strong>\u00a0suprimir, ocultar o manipular las notas sobre derechos de propiedad intelectual o industrial y dem\u00e1s datos identificativos de los derechos del TITULAR o de terceros incorporados a los Contenidos, as\u00ed como los dispositivos t\u00e9cnicos de protecci\u00f3n o cualesquiera mecanismos de informaci\u00f3n que puedan insertarse en los Contenidos.<\/p>\r\n\r\n\r\n\r\n<p>El TITULAR tendr\u00e1 derecho a investigar y denunciar cualquiera de las conductas mencionadas de acuerdo con la Ley, as\u00ed como a colaborar con las autoridades en la investigaci\u00f3n de dichas actuaciones.<\/p>\r\n\r\n\r\n\r\n<h3 class=\"wp-block-heading\">4.- Propiedad Intelectual<\/h3>\r\n\r\n\r\n\r\n<p>Todos los derechos de propiedad intelectual del contenido de este Sitio Web y su dise\u00f1o gr\u00e1fico son propiedad exclusiva del TITULAR, o bien de un tercero que ha autorizado la utilizaci\u00f3n de los mismos, por lo que es al TITULAR a quien le corresponde el ejercicio exclusivo de los derechos de explotaci\u00f3n de los mismos.<\/p>\r\n\r\n\r\n\r\n<p>Por ello y en virtud de lo dispuesto en el Real Decreto Legislativo 1\/1996, de 12 de Abril, por el que se aprueba el Texto Refundido de la Ley de Propiedad Intelectual, as\u00ed como en la Ley 17\/2001, de 7 de diciembre, de Marcas y la legislaci\u00f3n complementaria en materia de propiedad intelectual e industrial, queda prohibida la reproducci\u00f3n, transmisi\u00f3n, adaptaci\u00f3n, traducci\u00f3n, distribuci\u00f3n, comunicaci\u00f3n p\u00fablica, incluida su modalidad de puesta a disposici\u00f3n, o cualquier otra explotaci\u00f3n y\/o modificaci\u00f3n, total o parcial, sin previa autorizaci\u00f3n expresa del TITULAR, de cualquier contenido incluido en el Sitio Web.<\/p>\r\n\r\n\r\n\r\n<p>El TITULAR no concede ninguna licencia o autorizaci\u00f3n de uso de ninguna clase sobre sus derechos de propiedad intelectual e industrial o sobre cualquier otra propiedad o derecho relacionado con el Sitio Web, los servicios o los contenidos del mismo.<\/p>\r\n\r\n\r\n\r\n<p>La legitimidad de los derechos de propiedad intelectual o industrial correspondientes a los contenidos aportados por los Usuarios es responsabilidad exclusiva de los mismos, por lo que el Usuario mantendr\u00e1 indemne al TITULAR de cualquier reclamaci\u00f3n de terceros derivada de la utilizaci\u00f3n il\u00edcita de contenidos en el Sitio Web.<\/p>\r\n\r\n\r\n\r\n<h3 class=\"wp-block-heading\">5.- Responsabilidad y Garant\u00edas<\/h3>\r\n\r\n\r\n\r\n<p>El TITULAR declara que ha adoptado las medidas necesarias que, dentro de sus posibilidades y el estado de la tecnolog\u00eda, permitan el correcto funcionamiento de su Sitio Web, as\u00ed como la ausencia de virus y componentes da\u00f1inos. Sin embargo, el TITULAR no puede hacerse responsable de:\u00a0<strong>(i)<\/strong>\u00a0la continuidad y disponibilidad de los Contenidos y Servicios;\u00a0<strong>(ii)<\/strong>\u00a0la ausencia de errores en dichos Contenidos ni la correcci\u00f3n de cualquier defecto que pudiera ocurrir;\u00a0<strong>(iii)<\/strong>\u00a0la ausencia de virus y\/o dem\u00e1s componentes da\u00f1inos;\u00a0<strong>(iv)<\/strong>\u00a0los da\u00f1os o perjuicios que cause cualquier persona que vulnere los sistemas de seguridad del TITULAR.<\/p>\r\n\r\n\r\n\r\n<p>El TITULAR podr\u00e1 suspender temporalmente y sin previo aviso, la accesibilidad al Sitio Web con motivo de operaciones de mantenimiento, reparaci\u00f3n, actualizaci\u00f3n o mejora. No obstante, siempre que las circunstancias lo permitan, el TITULAR comunicar\u00e1 al Usuario, con antelaci\u00f3n suficiente, la fecha prevista para la suspensi\u00f3n de los servicios.<\/p>\r\n\r\n\r\n\r\n<p>El TITULAR no asume ninguna responsabilidad sobre los enlaces a otras p\u00e1ginas web que se encuentren en el Sitio Web, pudiendo llevar al Usuario a otros sitios web sobre los que el TITULAR no tiene ning\u00fan tipo de control, por lo que el Usuario accede bajo su exclusiva responsabilidad al contenido y en las condiciones de uso que rijan en los mismos.<\/p>\r\n\r\n\r\n\r\n<h3 class=\"wp-block-heading\">6.- Hiperv\u00ednculos<\/h3>\r\n\r\n\r\n\r\n<p>El TITULAR no se responsabiliza del uso que los Usuarios puedan hacer de los contenidos del Sitio Web.<\/p>\r\n\r\n\r\n\r\n<h3 class=\"wp-block-heading\">7.- Duraci\u00f3n y modificaci\u00f3n<\/h3>\r\n\r\n\r\n\r\n<p>El presente Aviso Legal estar\u00e1 vigente con car\u00e1cter indefinido, pudiendo el TITULAR efectuar cambios sobre las condiciones especificadas en el presente Aviso Legal, y que entrar\u00e1n en vigor desde el momento de su publicaci\u00f3n.<\/p>\r\n\r\n\r\n\r\n<p>El TITULAR podr\u00e1 suprimir, a\u00f1adir o cambiar tanto los contenidos como los servicios que presta, as\u00ed como tambi\u00e9n la forma en la que los mismos aparezcan localizados o presentados. Se entienden como vigentes, las condiciones que est\u00e9n publicadas en el momento en el que el Usuario acceda al Sitio Web del TITULAR.<\/p>\r\n\r\n\r\n\r\n<p>El acceso y\/o el uso del Sitio Web se entender\u00e1n como una aceptaci\u00f3n por parte del Usuario del presente Aviso Legal y, en su caso, los cambios efectuados en las mismas.<\/p>\r\n","protected":false},"excerpt":{"rendered":"<p>El presente Aviso Legal regula el acceso, navegaci\u00f3n y uso del sitio web\u00a0www.deannamariemason.local\/es\u00a0(en adelante el &#8220;Sitio Web&#8221;). 1.- Informaci\u00f3n sobre el titular del Sitio Web&hellip;<\/p>\n","protected":false},"author":1,"featured_media":0,"parent":0,"menu_order":0,"comment_status":"closed","ping_status":"closed","template":"page-templates\/fullwidthpage.php","meta":{"footnotes":""},"class_list":["post-1297","page","type-page","status-publish","hentry"],"_links":{"self":[{"href":"https:\/\/proactiveparenting.com\/es\/wp-json\/wp\/v2\/pages\/1297","targetHints":{"allow":["GET"]}}],"collection":[{"href":"https:\/\/proactiveparenting.com\/es\/wp-json\/wp\/v2\/pages"}],"about":[{"href":"https:\/\/proactiveparenting.com\/es\/wp-json\/wp\/v2\/types\/page"}],"author":[{"embeddable":true,"href":"https:\/\/proactiveparenting.com\/es\/wp-json\/wp\/v2\/users\/1"}],"replies":[{"embeddable":true,"href":"https:\/\/proactiveparenting.com\/es\/wp-json\/wp\/v2\/comments?post=1297"}],"version-history":[{"count":0,"href":"https:\/\/proactiveparenting.com\/es\/wp-json\/wp\/v2\/pages\/1297\/revisions"}],"wp:attachment":[{"href":"https:\/\/proactiveparenting.com\/es\/wp-json\/wp\/v2\/media?parent=1297"}],"curies":[{"name":"wp","href":"https:\/\/api.w.org\/{rel}","templated":true}]}}