{"id":1244,"date":"2019-09-25T17:40:15","date_gmt":"2019-09-25T15:40:15","guid":{"rendered":"https:\/\/proactiveparenting.com\/?page_id=1244"},"modified":"2019-10-08T10:48:37","modified_gmt":"2019-10-08T08:48:37","slug":"thanks-page","status":"publish","type":"page","link":"https:\/\/proactiveparenting.com\/es\/thanks-page\/","title":{"rendered":"Confirmaci\u00f3n de la compra"},"content":{"rendered":"\n<div class=\"wp-block-image pt-4\"><figure class=\"aligncenter\"><img decoding=\"async\" width=\"150\" height=\"150\" src=\"http:\/\/proactiveparenting.com\/wp-content\/uploads\/2019\/09\/group-6-1.svg\" alt=\"\" class=\"wp-image-1258\"\/><\/figure><\/div>\n\n\n\n<h1 id=\"kt-adv-heading_5bf781-7e\" class=\"kt-adv-heading_5bf781-7e Lato-Bold wp-block-kadence-advancedheading\" style=\"text-align:center;color:#333333\">Confirmaci\u00f3n de la compra<\/h1>\n\n\n\n<p style=\"color:#333333;font-size:14px;text-align:center\" class=\"has-text-color Lato-Regular col-xl-4 px-xl-5 col-lg-7 col-md-10 col-12 centerblock\">Hemos recibido tu pedido y a continuaci\u00f3n encontrar\u00e1s la informaci\u00f3n de tu compra.<br>En breve recibir\u00e1s un correo electr\u00f3nico con el resumen de tu pedido y las instrucciones que debes seguir para disfrutar de tu compra.<\/p>\n","protected":false},"excerpt":{"rendered":"<p>Hemos recibido tu pedido y a continuaci\u00f3n encontrar\u00e1s la informaci\u00f3n de tu compra.En breve recibir\u00e1s un correo electr\u00f3nico con el resumen de tu pedido y&hellip;<\/p>\n","protected":false},"author":1,"featured_media":0,"parent":0,"menu_order":0,"comment_status":"closed","ping_status":"closed","template":"","meta":{"footnotes":""},"class_list":["post-1244","page","type-page","status-publish","hentry"],"_links":{"self":[{"href":"https:\/\/proactiveparenting.com\/es\/wp-json\/wp\/v2\/pages\/1244","targetHints":{"allow":["GET"]}}],"collection":[{"href":"https:\/\/proactiveparenting.com\/es\/wp-json\/wp\/v2\/pages"}],"about":[{"href":"https:\/\/proactiveparenting.com\/es\/wp-json\/wp\/v2\/types\/page"}],"author":[{"embeddable":true,"href":"https:\/\/proactiveparenting.com\/es\/wp-json\/wp\/v2\/users\/1"}],"replies":[{"embeddable":true,"href":"https:\/\/proactiveparenting.com\/es\/wp-json\/wp\/v2\/comments?post=1244"}],"version-history":[{"count":0,"href":"https:\/\/proactiveparenting.com\/es\/wp-json\/wp\/v2\/pages\/1244\/revisions"}],"wp:attachment":[{"href":"https:\/\/proactiveparenting.com\/es\/wp-json\/wp\/v2\/media?parent=1244"}],"curies":[{"name":"wp","href":"https:\/\/api.w.org\/{rel}","templated":true}]}}